{"id":189,"date":"2021-12-03T09:06:45","date_gmt":"2021-12-03T07:06:45","guid":{"rendered":"https:\/\/vanajapadel.fi\/?page_id=189"},"modified":"2025-10-13T19:07:47","modified_gmt":"2025-10-13T16:07:47","slug":"kilpailut","status":"publish","type":"page","link":"https:\/\/vanajapadel.fi\/?page_id=189","title":{"rendered":"Kilpailut"},"content":{"rendered":"\n<p class=\"has-text-align-center\">Tulevista kilpailuistamme infoamme somekanavillamme Facebookissa ja Instagramissa <\/p>\n\n\n\n<p class=\"has-text-align-center\">sek\u00e4 pelaajiemme Whatsapp-ryhmiss\u00e4. Ota kanavamme seurantaan ja liity mukaan <\/p>\n\n\n\n<p class=\"has-text-align-center\">Whatsapp-ryhmiimme laittamalla pyynt\u00f6 numeroon 050 360 2304.<\/p>\n\n\n\n<p><\/p>\n\n\n\n<p class=\"has-text-align-center\"><\/p>\n\n\n<div class=\"wp-block-image\">\n<figure class=\"aligncenter size-large\"><img loading=\"lazy\" decoding=\"async\" width=\"1024\" height=\"1024\" src=\"https:\/\/vanajapadel.fi\/wp-content\/uploads\/2023\/08\/IMG_4372-1-1024x1024.jpeg\" alt=\"\" class=\"wp-image-1017\" srcset=\"https:\/\/vanajapadel.fi\/wp-content\/uploads\/2023\/08\/IMG_4372-1-1024x1024.jpeg 1024w, https:\/\/vanajapadel.fi\/wp-content\/uploads\/2023\/08\/IMG_4372-1-300x300.jpeg 300w, https:\/\/vanajapadel.fi\/wp-content\/uploads\/2023\/08\/IMG_4372-1-150x150.jpeg 150w, https:\/\/vanajapadel.fi\/wp-content\/uploads\/2023\/08\/IMG_4372-1-768x768.jpeg 768w, https:\/\/vanajapadel.fi\/wp-content\/uploads\/2023\/08\/IMG_4372-1-1536x1536.jpeg 1536w, https:\/\/vanajapadel.fi\/wp-content\/uploads\/2023\/08\/IMG_4372-1-2048x2048.jpeg 2048w\" sizes=\"auto, (max-width: 1024px) 100vw, 1024px\" \/><\/figure>\n<\/div>\n\n\n<p class=\"has-text-align-center\"><\/p>\n\n\n\n<p class=\"has-text-align-center\"><\/p>\n\n\n\n<p class=\"has-text-align-center\"><\/p>\n\n\n\n<p class=\"has-text-align-center\"><\/p>\n\n\n\n<p class=\"has-text-align-center\"><\/p>\n\n\n\n<div class=\"wp-block-columns is-layout-flex wp-container-core-columns-is-layout-9d6595d7 wp-block-columns-is-layout-flex\">\n<div class=\"wp-block-column is-layout-flow wp-block-column-is-layout-flow\" style=\"flex-basis:100%\"><\/div>\n<\/div>\n\n\n\n<p><\/p>\n\n\n\n<div class=\"wp-block-columns are-vertically-aligned-top is-layout-flex wp-container-core-columns-is-layout-9d6595d7 wp-block-columns-is-layout-flex\">\n<div class=\"wp-block-column is-layout-flow wp-block-column-is-layout-flow\"><\/div>\n\n\n\n<div class=\"wp-block-column is-layout-flow wp-block-column-is-layout-flow\"><\/div>\n<\/div>\n\n\n\n<p class=\"has-text-align-center has-medium-font-size\"><\/p>\n\n\n\n<p><\/p>\n\n\n\n<p><\/p>\n\n\n\n<figure class=\"wp-block-gallery aligncenter has-nested-images columns-default is-cropped wp-block-gallery-1 is-layout-flex wp-block-gallery-is-layout-flex\"><\/figure>\n\n\n\n<p><\/p>\n\n\n\n<p><\/p>\n","protected":false},"excerpt":{"rendered":"<p>Tulevista kilpailuistamme infoamme somekanavillamme Facebookissa ja Instagramissa sek\u00e4 pelaajiemme Whatsapp-ryhmiss\u00e4. Ota kanavamme seurantaan ja liity mukaan Whatsapp-ryhmiimme laittamalla pyynt\u00f6 numeroon 050 360 2304.<\/p>\n","protected":false},"author":1,"featured_media":0,"parent":0,"menu_order":0,"comment_status":"closed","ping_status":"closed","template":"","meta":{"footnotes":""},"class_list":["post-189","page","type-page","status-publish","hentry"],"_links":{"self":[{"href":"https:\/\/vanajapadel.fi\/index.php?rest_route=\/wp\/v2\/pages\/189","targetHints":{"allow":["GET"]}}],"collection":[{"href":"https:\/\/vanajapadel.fi\/index.php?rest_route=\/wp\/v2\/pages"}],"about":[{"href":"https:\/\/vanajapadel.fi\/index.php?rest_route=\/wp\/v2\/types\/page"}],"author":[{"embeddable":true,"href":"https:\/\/vanajapadel.fi\/index.php?rest_route=\/wp\/v2\/users\/1"}],"replies":[{"embeddable":true,"href":"https:\/\/vanajapadel.fi\/index.php?rest_route=%2Fwp%2Fv2%2Fcomments&post=189"}],"version-history":[{"count":75,"href":"https:\/\/vanajapadel.fi\/index.php?rest_route=\/wp\/v2\/pages\/189\/revisions"}],"predecessor-version":[{"id":1160,"href":"https:\/\/vanajapadel.fi\/index.php?rest_route=\/wp\/v2\/pages\/189\/revisions\/1160"}],"wp:attachment":[{"href":"https:\/\/vanajapadel.fi\/index.php?rest_route=%2Fwp%2Fv2%2Fmedia&parent=189"}],"curies":[{"name":"wp","href":"https:\/\/api.w.org\/{rel}","templated":true}]}}